{"id":10,"date":"2026-03-21T23:39:42","date_gmt":"2026-03-21T16:39:42","guid":{"rendered":"https:\/\/hpmedia.pro\/tintuc\/?page_id=10"},"modified":"2026-03-22T00:16:07","modified_gmt":"2026-03-21T17:16:07","slug":"home","status":"publish","type":"page","link":"https:\/\/hpmedia.pro\/tintuc\/home\/","title":{"rendered":"Trang Ch\u1ee7"},"content":{"rendered":"\n<div class=\"wp-block-cover alignfull is-light\" style=\"min-height:720px;aspect-ratio:unset;\"><span aria-hidden=\"true\" class=\"wp-block-cover__background has-background-dim-100 has-background-dim has-background-gradient\" style=\"background:linear-gradient(35deg,rgb(6,0,151) 0%,rgb(130,4,255) 73%,rgb(193,15,255) 100%)\"><\/span><div class=\"wp-block-cover__inner-container is-layout-flow wp-block-cover-is-layout-flow\">\n<div class=\"inherit-container-width wp-block-group alignwide is-layout-constrained wp-block-group-is-layout-constrained\">\n<div class=\"wp-block-media-text alignwide has-media-on-the-right is-stacked-on-mobile is-vertically-aligned-center\" style=\"grid-template-columns:auto 43%\"><div class=\"wp-block-media-text__content\">\n<h1 class=\"wp-block-heading has-text-align-left has-white-color has-text-color\">B\u1ea1n \u0111ang g\u1eb7p v\u1ea5n \u0111\u1ec1 g\u00ec ?<\/h1>\n\n\n\n<p class=\"has-white-color has-text-color\">Kinh doanh online gi\u1ed1ng nh\u01b0 vi\u1ec7c v\u1eadn h\u00e0nh m\u1ed9t c\u1ed7 m\u00e1y, ch\u1ec9 c\u1ea7n m\u1ed9t &#8220;b\u00e1nh r\u0103ng&#8221; b\u1ecb k\u1eb9t nh\u01b0 qu\u1ea3ng c\u00e1o kh\u00f4ng ra \u0111\u01a1n, n\u1ed9i dung fanpage ngh\u00e8o n\u00e0n hay h\u1ec7 th\u1ed1ng v\u1eadn h\u00e0nh qu\u00e1 t\u1ea3i l\u00e0 c\u1ea3 quy tr\u00ecnh s\u1ebd \u0111\u00ecnh tr\u1ec7. N\u1ebfu b\u1ea1n \u0111ang loay hoay gi\u1eefa m\u1ed9t &#8220;r\u1eebng&#8221; c\u00f4ng c\u1ee5 m\u00e0 ch\u01b0a t\u00ecm th\u1ea5y l\u1ed1i ra, d\u1ecbch v\u1ee5 Marketing tr\u1ecdn g\u00f3i t\u1ea1i <strong>Hpmedia<\/strong> ch\u00ednh l\u00e0 ch\u00eca kh\u00f3a d\u00e0nh cho b\u1ea1n.<\/p>\n\n\n\n<div class=\"wp-block-buttons is-layout-flex wp-block-buttons-is-layout-flex\">\n<div class=\"wp-block-button\"><a class=\"wp-block-button__link wp-element-button\" href=\"https:\/\/zalo.me\/0799054444\">Li\u00ean h\u1ec7 cho ch\u00fang t\u00f4i <\/a><\/div>\n<\/div>\n<\/div><figure class=\"wp-block-media-text__media\"><img decoding=\"async\" src=\"https:\/\/hpmedia.pro\/tintuc\/wp-content\/themes\/astra\/inc\/assets\/images\/starter-content\/hero-img.svg\" alt=\"\" class=\"wp-image-118 size-full\"\/><\/figure><\/div>\n<\/div>\n<\/div><\/div>\n\n\n\n<div class=\"wp-block-group alignfull has-ast-global-color-5-background-color has-background is-layout-constrained wp-container-core-group-is-layout-9cedb757 wp-block-group-is-layout-constrained\" style=\"padding-bottom:0px\">\n<div class=\"wp-block-columns are-vertically-aligned-top is-layout-flex wp-container-core-columns-is-layout-00723822 wp-block-columns-is-layout-flex\">\n<div class=\"wp-block-column is-vertically-aligned-top is-layout-flow wp-container-core-column-is-layout-6b73ce23 wp-block-column-is-layout-flow\">\n<figure class=\"wp-block-image size-large\"><img decoding=\"async\" src=\"https:\/\/hpmedia.pro\/tintuc\/wp-content\/themes\/astra\/inc\/assets\/images\/starter-content\/building.svg\" alt=\"\" class=\"wp-image-134\"\/><\/figure>\n\n\n\n<h3 class=\"wp-block-heading has-text-align-left\" style=\"margin-top:16px\">D\u1ecbch v\u1ee5 Facebook<br><\/h3>\n\n\n\n<p class=\"has-text-align-left\">T\u0103ng t\u01b0\u01a1ng t\u00e1c, x\u00e2y d\u1ef1ng c\u1ed9ng \u0111\u1ed3ng v\u00e0 ph\u00e1t tri\u1ec3n th\u01b0\u01a1ng hi\u1ec7u tr\u00ean Facebook.<\/p>\n<\/div>\n\n\n\n<div class=\"wp-block-column is-vertically-aligned-top is-layout-flow wp-container-core-column-is-layout-6b73ce23 wp-block-column-is-layout-flow\">\n<figure class=\"wp-block-image size-large\"><img decoding=\"async\" src=\"https:\/\/hpmedia.pro\/tintuc\/wp-content\/themes\/astra\/inc\/assets\/images\/starter-content\/shopping-bag.svg\" alt=\"\" class=\"wp-image-135\"\/><\/figure>\n\n\n\n<h3 class=\"wp-block-heading has-text-align-left\" style=\"margin-top:16px\">Ch\u1ea1y qu\u1ea3ng c\u00e1o <\/h3>\n\n\n\n<p class=\"has-text-align-left\">T\u1ed1i \u01b0u ng\u00e2n s\u00e1ch, target chu\u1ea9n x\u00e1c gi\u00fap b\u00f9ng n\u1ed5 doanh s\u1ed1 \u0111a n\u1ec1n t\u1ea3ng.<\/p>\n<\/div>\n\n\n\n<div class=\"wp-block-column is-vertically-aligned-top is-layout-flow wp-container-core-column-is-layout-6b73ce23 wp-block-column-is-layout-flow\">\n<figure class=\"wp-block-image size-large\"><img decoding=\"async\" src=\"https:\/\/hpmedia.pro\/tintuc\/wp-content\/themes\/astra\/inc\/assets\/images\/starter-content\/blog.svg\" alt=\"\" class=\"wp-image-136\"\/><\/figure>\n\n\n\n<h3 class=\"wp-block-heading has-text-align-left\" style=\"margin-top:16px\">Th\u1ee7 Thu\u1eadt<\/h3>\n\n\n\n<p class=\"has-text-align-left\">M\u1edf kh\u00f3a Fb,Rip ,M\u1edf Kh\u00f3a Fanpage&#8230;<\/p>\n<\/div>\n\n\n\n<div class=\"wp-block-column is-vertically-aligned-top is-layout-flow wp-container-core-column-is-layout-6b73ce23 wp-block-column-is-layout-flow\">\n<figure class=\"wp-block-image size-large\"><img decoding=\"async\" src=\"https:\/\/hpmedia.pro\/tintuc\/wp-content\/themes\/astra\/inc\/assets\/images\/starter-content\/portfolio.svg\" alt=\"\" class=\"wp-image-137\"\/><\/figure>\n\n\n\n<h3 class=\"wp-block-heading has-text-align-left\" style=\"margin-top:16px\">T\u00edch Xanh MXH<\/h3>\n\n\n\n<p class=\"has-text-align-left\">L\u00ean t\u00edch xanh cho Fanpage,Trang c\u00e1 nh\u00e2n<\/p>\n<\/div>\n<\/div>\n<\/div>\n\n\n\n<div class=\"wp-block-group alignfull is-layout-constrained wp-container-core-group-is-layout-45b0ac4f wp-block-group-is-layout-constrained\" id=\"services\" style=\"padding-top:144px;padding-bottom:0px\">\n<h2 class=\"wp-block-heading\">C\u00e1c D\u1ecbch V\u1ee5<\/h2>\n\n\n\n<div class=\"wp-block-columns is-layout-flex wp-container-core-columns-is-layout-60cbf9bb wp-block-columns-is-layout-flex\" style=\"margin-top:50px\">\n<div class=\"wp-block-column is-layout-flow wp-container-core-column-is-layout-6b73ce23 wp-block-column-is-layout-flow\">\n<figure class=\"wp-block-image size-full\"><img decoding=\"async\" src=\"https:\/\/hpmedia.pro\/tintuc\/wp-content\/themes\/astra\/inc\/assets\/images\/starter-content\/branding.jpg\" alt=\"\" class=\"wp-image-230\"\/><\/figure>\n\n\n\n<h3 class=\"wp-block-heading\" style=\"margin-top:16px\">Ch\u1ea1y Qu\u1ea3ng C\u00e1o<\/h3>\n\n\n\n<p>T\u1ed1i \u01b0u ng\u00e2n s\u00e1ch, target chu\u1ea9n x\u00e1c gi\u00fap b\u00f9ng n\u1ed5 doanh s\u1ed1 \u0111a n\u1ec1n t\u1ea3ng.<\/p>\n<\/div>\n\n\n\n<div class=\"wp-block-column is-layout-flow wp-container-core-column-is-layout-6b73ce23 wp-block-column-is-layout-flow\">\n<figure class=\"wp-block-image size-full\"><img decoding=\"async\" src=\"https:\/\/hpmedia.pro\/tintuc\/wp-content\/themes\/astra\/inc\/assets\/images\/starter-content\/graphic.jpg\" alt=\"\" class=\"wp-image-232\"\/><\/figure>\n\n\n\n<h3 class=\"wp-block-heading\" style=\"margin-top:16px\">T\u0102NG T\u01af\u01a0NG T\u00c1C C\u00c1C MXH<\/h3>\n\n\n\n<p>T\u0103ng t\u01b0\u01a1ng t\u00e1c, x\u00e2y d\u1ef1ng c\u1ed9ng \u0111\u1ed3ng v\u00e0 ph\u00e1t tri\u1ec3n th\u01b0\u01a1ng hi\u1ec7u tr\u00ean Facebook.<\/p>\n<\/div>\n\n\n\n<div class=\"wp-block-column is-layout-flow wp-container-core-column-is-layout-6b73ce23 wp-block-column-is-layout-flow\">\n<figure class=\"wp-block-image size-full\"><img decoding=\"async\" src=\"https:\/\/hpmedia.pro\/tintuc\/wp-content\/themes\/astra\/inc\/assets\/images\/starter-content\/web.jpg\" alt=\"\" class=\"wp-image-231\"\/><\/figure>\n\n\n\n<h3 class=\"wp-block-heading\" style=\"margin-top:16px\">H\u1ed6 TR\u1ee2 D\u1ecaCH V\u1ee4 MXH<\/h3>\n\n\n\n<p>M\u1edf kh\u00f3a Facebook,Fanpage,L\u00ean T\u00edch Xanh&#8230;<\/p>\n<\/div>\n<\/div>\n<\/div>\n\n\n\n<div class=\"wp-block-group alignfull has-ast-global-color-5-background-color has-background is-layout-constrained wp-container-core-group-is-layout-94d206d0 wp-block-group-is-layout-constrained\" id=\"about\" style=\"padding-top:143px;padding-bottom:144px\">\n<div class=\"wp-block-media-text has-media-on-the-right is-stacked-on-mobile is-vertically-aligned-center\"><div class=\"wp-block-media-text__content\">\n<div class=\"inherit-container-width wp-block-group is-layout-constrained wp-container-core-group-is-layout-47ce07ec wp-block-group-is-layout-constrained\" style=\"padding-right:80px\">\n<h2 class=\"wp-block-heading\" style=\"padding-right:40px\">Ch\u00fang t\u00f4i gi\u00fap c\u00e1c \u0111\u1ed9i nh\u00f3m x\u00e2y d\u1ef1ng doanh nghi\u1ec7p trong m\u01a1 c\u1ee7a h\u1ecd.<\/h2>\n\n\n\n<p><\/p>\n\n\n\n<p>Ch\u00fang t\u00f4i kh\u00f4ng ch\u1ec9 cung c\u1ea5p d\u1ecbch v\u1ee5, ch\u00fang t\u00f4i mang \u0111\u1ebfn m\u1ed9t h\u1ec7 sinh th\u00e1i h\u1ed7 tr\u1ee3 to\u00e0n di\u1ec7n:<\/p>\n\n\n\n<ul class=\"wp-block-list\">\n<li><strong>T\u1ed1i \u01b0u h\u00f3a qu\u1ea3ng c\u00e1o:<\/strong> \u0110\u01b0a s\u1ea3n ph\u1ea9m ti\u1ebfp c\u1eadn \u0111\u00fang kh\u00e1ch h\u00e0ng m\u1ee5c ti\u00eau v\u1edbi chi ph\u00ed t\u1ed1i \u01b0u nh\u1ea5t.<\/li>\n\n\n\n<li><strong>S\u00e1ng t\u1ea1o n\u1ed9i dung:<\/strong> X\u00e2y d\u1ef1ng h\u00ecnh \u1ea3nh, video v\u00e0 b\u00e0i vi\u1ebft chuy\u00ean nghi\u1ec7p, gi\u00fap th\u01b0\u01a1ng hi\u1ec7u ghi d\u1ea5u \u1ea5n trong l\u00f2ng kh\u00e1ch h\u00e0ng.<\/li>\n\n\n\n<li><strong>T\u0103ng tr\u01b0\u1edfng t\u01b0\u01a1ng t\u00e1c:<\/strong> Gi\u1ea3i quy\u1ebft b\u00e0i to\u00e1n uy t\u00edn cho gian h\u00e0ng th\u00f4ng qua c\u00e1c gi\u1ea3i ph\u00e1p h\u1ed7 tr\u1ee3 t\u01b0\u01a1ng t\u00e1c th\u1ef1c, gi\u00fap t\u1ef7 l\u1ec7 chuy\u1ec3n \u0111\u1ed5i \u0111\u01a1n h\u00e0ng t\u0103ng v\u1ecdt.<\/li>\n\n\n\n<li><strong>Chi\u1ebfn l\u01b0\u1ee3c b\u00e0i b\u1ea3n:<\/strong> \u0110\u1ed3ng h\u00e0nh c\u00f9ng b\u1ea1n t\u1eeb kh\u00e2u l\u00ean \u00fd t\u01b0\u1edfng \u0111\u1ebfn khi v\u1eadn h\u00e0nh th\u1ef1c t\u1ebf, gi\u00fap b\u1ea1n t\u1eadp trung ho\u00e0n to\u00e0n v\u00e0o vi\u1ec7c ch\u1ed1t \u0111\u01a1n v\u00e0 ph\u00e1t tri\u1ec3n s\u1ea3n ph\u1ea9m.<\/li>\n<\/ul>\n\n\n\n<p>Thay v\u00ec ph\u1ea3i t\u1ef1 m\u00ecnh l\u00e0m m\u1ecdi th\u1ee9, h\u00e3y \u0111\u1ec3 <strong>Hpmedia<\/strong> tr\u1edf th\u00e0nh ph\u00f2ng Marketing thu\u00ea ngo\u00e0i chuy\u00ean nghi\u1ec7p, gi\u00fap con \u0111\u01b0\u1eddng kinh doanh c\u1ee7a b\u1ea1n tr\u1edf n\u00ean th\u00eanh thang v\u00e0 hi\u1ec7u qu\u1ea3 h\u01a1n bao gi\u1edd h\u1ebft.<\/p>\n<\/div>\n<\/div><figure class=\"wp-block-media-text__media\"><img loading=\"lazy\" decoding=\"async\" width=\"1024\" height=\"1024\" src=\"https:\/\/hpmedia.pro\/tintuc\/wp-content\/uploads\/2026\/03\/474742832_989023936421132_6167561624722437901_n-1024x1024.jpg\" alt=\"\" class=\"wp-image-41 size-full\" srcset=\"https:\/\/hpmedia.pro\/tintuc\/wp-content\/uploads\/2026\/03\/474742832_989023936421132_6167561624722437901_n-1024x1024.jpg 1024w, https:\/\/hpmedia.pro\/tintuc\/wp-content\/uploads\/2026\/03\/474742832_989023936421132_6167561624722437901_n-300x300.jpg 300w, https:\/\/hpmedia.pro\/tintuc\/wp-content\/uploads\/2026\/03\/474742832_989023936421132_6167561624722437901_n-150x150.jpg 150w, https:\/\/hpmedia.pro\/tintuc\/wp-content\/uploads\/2026\/03\/474742832_989023936421132_6167561624722437901_n-768x768.jpg 768w, https:\/\/hpmedia.pro\/tintuc\/wp-content\/uploads\/2026\/03\/474742832_989023936421132_6167561624722437901_n-1536x1536.jpg 1536w, https:\/\/hpmedia.pro\/tintuc\/wp-content\/uploads\/2026\/03\/474742832_989023936421132_6167561624722437901_n.jpg 2048w\" sizes=\"auto, (max-width: 1024px) 100vw, 1024px\" \/><\/figure><\/div>\n<\/div>\n\n\n\n<div class=\"wp-block-group alignfull has-ast-global-color-4-background-color has-background is-layout-constrained wp-container-core-group-is-layout-6a2cfb7b wp-block-group-is-layout-constrained\" id=\"reviews\">\n<figure class=\"wp-block-gallery aligncenter has-nested-images columns-default is-cropped wp-block-gallery-1 is-layout-flex wp-block-gallery-is-layout-flex\">\n<figure class=\"wp-block-image size-full\"><img loading=\"lazy\" decoding=\"async\" width=\"1024\" height=\"1024\" data-id=\"49\" src=\"https:\/\/hpmedia.pro\/tintuc\/wp-content\/uploads\/2026\/03\/facebook-management.webp\" alt=\"\" class=\"wp-image-49\" srcset=\"https:\/\/hpmedia.pro\/tintuc\/wp-content\/uploads\/2026\/03\/facebook-management.webp 1024w, https:\/\/hpmedia.pro\/tintuc\/wp-content\/uploads\/2026\/03\/facebook-management-300x300.webp 300w, https:\/\/hpmedia.pro\/tintuc\/wp-content\/uploads\/2026\/03\/facebook-management-150x150.webp 150w, https:\/\/hpmedia.pro\/tintuc\/wp-content\/uploads\/2026\/03\/facebook-management-768x768.webp 768w\" sizes=\"auto, (max-width: 1024px) 100vw, 1024px\" \/><\/figure>\n<\/figure>\n\n\n\n<p class=\"has-text-align-center\" style=\"font-size:22px;line-height:1.6\"><strong>GI\u1ea2I PH\u00c1P MARKETING TR\u1eccN G\u00d3I HPMEDIA: &#8220;C\u1ee8U C\u00c1NH&#8221; CHO DOANH NGHI\u1ec6P ONLINE \u0110ANG B\u1ebe T\u1eaeC<\/strong><\/p>\n\n\n\n<p>N\u1ebfu b\u1ea1n \u0111ang kinh doanh online m\u00e0 g\u1eb7p ph\u1ea3i t\u00ecnh tr\u1ea1ng: <strong>\u0110\u1ed5 ti\u1ec1n v\u00e0o qu\u1ea3ng c\u00e1o nh\u01b0ng kh\u00f4ng ra \u0111\u01a1n, n\u1ed9i dung fanpage &#8220;ngu\u1ed9i l\u1ea1nh&#8221; kh\u00f4ng ai ng\u00f3 ng\u00e0ng, hay loay hoay m\u00e3i v\u1edbi b\u00e0i to\u00e1n t\u0103ng t\u01b0\u01a1ng t\u00e1c \u1ea3o&#8230;<\/strong> th\u00ec \u0111\u00e3 \u0111\u1ebfn l\u00fac d\u1eebng vi\u1ec7c &#8220;th\u1eed v\u00e0 sai&#8221; \u0111\u1ec3 l\u00e3ng ph\u00ed ng\u00e2n s\u00e1ch!<\/p>\n\n\n\n<p>T\u1ea1i <strong>Hpmedia<\/strong>, ch\u00fang t\u00f4i kh\u00f4ng ch\u1ec9 l\u00e0m Marketing \u2013 ch\u00fang t\u00f4i x\u00e2y d\u1ef1ng n\u1ec1n t\u1ea3ng t\u0103ng tr\u01b0\u1edfng b\u1ec1n v\u1eefng cho b\u1ea1n v\u1edbi quy tr\u00ecnh h\u1ed7 tr\u1ee3 tr\u1ecdn g\u00f3i:<\/p>\n\n\n\n<ul class=\"wp-block-list\">\n<li><strong>\u0110\u1ed9t ph\u00e1 Facebook Ads:<\/strong> Setup chi\u1ebfn d\u1ecbch chu\u1ea9n t\u1ec7p kh\u00e1ch h\u00e0ng ti\u1ec1m n\u0103ng, t\u1ed1i \u01b0u chi ph\u00ed tr\u00ean t\u1eebng l\u01b0\u1ee3t click v\u00e0 cam k\u1ebft hi\u1ec7u qu\u1ea3 chuy\u1ec3n \u0111\u1ed5i \u0111\u01a1n h\u00e0ng.<\/li>\n\n\n\n<li><strong>H\u1ec7 sinh th\u00e1i t\u01b0\u01a1ng t\u00e1c th\u1ef1c:<\/strong> \u0110\u00e1nh tan n\u1ed7i lo &#8220;shop v\u1eafng&#8221;, gi\u00fap b\u00e0i vi\u1ebft v\u00e0 fanpage c\u1ee7a b\u1ea1n uy t\u00edn h\u01a1n t\u1ee9c th\u00ec v\u1edbi c\u00e1c gi\u1ea3i ph\u00e1p t\u0103ng t\u01b0\u01a1ng t\u00e1c MXH \u0111\u1ed9c quy\u1ec1n.<\/li>\n\n\n\n<li><strong>S\u00e1ng t\u1ea1o n\u1ed9i dung &#8220;th\u00f4i mi\u00ean&#8221;:<\/strong> T\u1eeb k\u1ecbch b\u1ea3n video, h\u00ecnh \u1ea3nh thi\u1ebft k\u1ebf \u0111\u1ebfn b\u00e0i vi\u1ebft b\u00e1n h\u00e0ng \u0111\u1ec1u \u0111\u01b0\u1ee3c c\u00e1 nh\u00e2n h\u00f3a \u0111\u1ec3 kh\u00e1ch h\u00e0ng kh\u00f4ng th\u1ec3 l\u01b0\u1edbt qua.<\/li>\n\n\n\n<li><strong>V\u1eadn h\u00e0nh tinh g\u1ecdn:<\/strong> Thay th\u1ebf c\u1ea3 m\u1ed9t \u0111\u1ed9i ng\u0169 nh\u00e2n s\u1ef1 \u0111\u1eaft \u0111\u1ecf b\u1eb1ng m\u1ed9t &#8220;ph\u00f2ng Marketing thu\u00ea ngo\u00e0i&#8221; chuy\u00ean nghi\u1ec7p, t\u1eadn t\u00e2m v\u00e0 th\u1ef1c chi\u1ebfn.<\/li>\n<\/ul>\n\n\n\n<p class=\"has-text-align-center\" style=\"font-size:22px;line-height:1.6\"><strong>\u0110\u1eebng \u0111\u1ec3 \u0111\u1ed1i th\u1ee7 v\u01b0\u1ee3t m\u1eb7t ch\u1ec9 v\u00ec b\u1ea1n thi\u1ebfu m\u1ed9t chi\u1ebfn l\u01b0\u1ee3c Marketing b\u00e0i b\u1ea3n!<\/strong><\/p>\n\n\n\n<p class=\"has-text-align-center\"><strong>Mr.Ph\u00fac<\/strong><\/p>\n<\/div>\n\n\n\n<div class=\"wp-block-group alignfull is-layout-constrained wp-container-core-group-is-layout-3fee123f wp-block-group-is-layout-constrained\" id=\"whyus\" style=\"padding-top:144px;padding-bottom:144px\">\n<h2 class=\"wp-block-heading\">T\u1ea0I SAO CH\u1eccN CH\u00daNG T\u00d4I<\/h2>\n\n\n\n<div class=\"wp-block-columns is-layout-flex wp-container-core-columns-is-layout-29aadeec wp-block-columns-is-layout-flex\" style=\"margin-top:60px\">\n<div class=\"wp-block-column is-layout-flow wp-container-core-column-is-layout-6b73ce23 wp-block-column-is-layout-flow\">\n<figure class=\"wp-block-image size-large\"><img decoding=\"async\" src=\"https:\/\/hpmedia.pro\/tintuc\/wp-content\/themes\/astra\/inc\/assets\/images\/starter-content\/passionate.svg\" alt=\"\" class=\"wp-image-162\"\/><\/figure>\n\n\n\n<h3 class=\"wp-block-heading\" style=\"margin-top:16px\">Kinh Nghi\u1ec7m L\u00e2u N\u0103m<\/h3>\n\n\n\n<p>H\u01a1n 5 n\u0103m kinh nghi\u1ec7m trong l\u0129nh v\u1ef1c marketing online.<\/p>\n<\/div>\n\n\n\n<div class=\"wp-block-column is-layout-flow wp-container-core-column-is-layout-6b73ce23 wp-block-column-is-layout-flow\">\n<figure class=\"wp-block-image size-large\"><img decoding=\"async\" src=\"https:\/\/hpmedia.pro\/tintuc\/wp-content\/themes\/astra\/inc\/assets\/images\/starter-content\/professional.svg\" alt=\"\" class=\"wp-image-163\"\/><\/figure>\n\n\n\n<h3 class=\"wp-block-heading\" style=\"margin-top:16px\">\u0110\u1ed9i Ng\u0169 Chuy\u00ean Nghi\u1ec7p<br><\/h3>\n\n\n\n<p>\u0110\u1ed9i ng\u0169 chuy\u00ean gia gi\u00e0u kinh nghi\u1ec7m v\u00e0 lu\u00f4n c\u1eadp nh\u1eadt xu h\u01b0\u1edbng.<\/p>\n<\/div>\n\n\n\n<div class=\"wp-block-column is-layout-flow wp-container-core-column-is-layout-6b73ce23 wp-block-column-is-layout-flow\">\n<figure class=\"wp-block-image size-large\"><img decoding=\"async\" src=\"https:\/\/hpmedia.pro\/tintuc\/wp-content\/themes\/astra\/inc\/assets\/images\/starter-content\/support.svg\" alt=\"\" class=\"wp-image-164\"\/><\/figure>\n\n\n\n<h3 class=\"wp-block-heading\" style=\"margin-top:16px\">H\u1ed7 Tr\u1ee3 24\/7<\/h3>\n\n\n\n<p>Lu\u00f4n s\u1eb5n s\u00e0ng h\u1ed7 tr\u1ee3 kh\u00e1ch h\u00e0ng m\u1ecdi l\u00fac m\u1ecdi n\u01a1i.<\/p>\n<\/div>\n<\/div>\n<\/div>\n\n\n\n<div class=\"wp-block-group alignfull has-background is-layout-constrained wp-container-core-group-is-layout-cfcca693 wp-block-group-is-layout-constrained\" id=\"contact\" style=\"background:linear-gradient(35deg,rgb(6,0,151) 0%,rgb(130,4,255) 64%,rgb(193,15,255) 98%);padding-top:104px;padding-bottom:104px\">\n<h2 class=\"wp-block-heading has-text-align-center has-text-color\" style=\"color:#ffffff\">H\u00e3y Li\u00ean H\u1ec7 V\u1edbi Ch\u00fang T\u00f4i Ngay !!!<\/h2>\n\n\n\n<div class=\"wp-block-buttons alignwide is-horizontal is-content-justification-center is-layout-flex wp-container-core-buttons-is-layout-bba8380a wp-block-buttons-is-layout-flex\" style=\"margin-top:50px\">\n<div class=\"wp-block-button\"><a class=\"wp-block-button__link wp-element-button\" href=\"https:\/\/www.facebook.com\/phucbonz.9999\/\">Li\u00ean H\u1ec7 Ch\u00fang T\u00f4i<\/a><\/div>\n<\/div>\n<\/div>\n","protected":false},"excerpt":{"rendered":"<p>D\u1ecbch v\u1ee5 Facebook T\u0103ng t\u01b0\u01a1ng t\u00e1c, x\u00e2y d\u1ef1ng c\u1ed9ng \u0111\u1ed3ng v\u00e0 ph\u00e1t tri\u1ec3n th\u01b0\u01a1ng hi\u1ec7u tr\u00ean Facebook. Ch\u1ea1y qu\u1ea3ng c\u00e1o [&hellip;]<\/p>\n","protected":false},"author":1,"featured_media":0,"parent":0,"menu_order":0,"comment_status":"closed","ping_status":"closed","template":"","meta":{"site-sidebar-layout":"no-sidebar","site-content-layout":"plain-container","ast-site-content-layout":"default","site-content-style":"default","site-sidebar-style":"default","ast-global-header-display":"","ast-banner-title-visibility":"","ast-main-header-display":"","ast-hfb-above-header-display":"","ast-hfb-below-header-display":"","ast-hfb-mobile-header-display":"","site-post-title":"disabled","ast-breadcrumbs-content":"","ast-featured-img":"","footer-sml-layout":"","ast-disable-related-posts":"","theme-transparent-header-meta":"enabled","adv-header-id-meta":"","stick-header-meta":"","header-above-stick-meta":"","header-main-stick-meta":"","header-below-stick-meta":"","astra-migrate-meta-layouts":"default","ast-page-background-enabled":"default","ast-page-background-meta":{"desktop":{"background-color":"var(--ast-global-color-5)","background-image":"","background-repeat":"repeat","background-position":"center center","background-size":"auto","background-attachment":"scroll","background-type":"","background-media":"","overlay-type":"","overlay-color":"","overlay-opacity":"","overlay-gradient":""},"tablet":{"background-color":"","background-image":"","background-repeat":"repeat","background-position":"center center","background-size":"auto","background-attachment":"scroll","background-type":"","background-media":"","overlay-type":"","overlay-color":"","overlay-opacity":"","overlay-gradient":""},"mobile":{"background-color":"","background-image":"","background-repeat":"repeat","background-position":"center center","background-size":"auto","background-attachment":"scroll","background-type":"","background-media":"","overlay-type":"","overlay-color":"","overlay-opacity":"","overlay-gradient":""}},"ast-content-background-meta":{"desktop":{"background-color":"var(--ast-global-color-4)","background-image":"","background-repeat":"repeat","background-position":"center center","background-size":"auto","background-attachment":"scroll","background-type":"","background-media":"","overlay-type":"","overlay-color":"","overlay-opacity":"","overlay-gradient":""},"tablet":{"background-color":"var(--ast-global-color-4)","background-image":"","background-repeat":"repeat","background-position":"center center","background-size":"auto","background-attachment":"scroll","background-type":"","background-media":"","overlay-type":"","overlay-color":"","overlay-opacity":"","overlay-gradient":""},"mobile":{"background-color":"var(--ast-global-color-4)","background-image":"","background-repeat":"repeat","background-position":"center center","background-size":"auto","background-attachment":"scroll","background-type":"","background-media":"","overlay-type":"","overlay-color":"","overlay-opacity":"","overlay-gradient":""}},"footnotes":""},"class_list":["post-10","page","type-page","status-publish","hentry"],"aioseo_notices":[],"_hostinger_reach_plugin_has_subscription_block":false,"_hostinger_reach_plugin_is_elementor":false,"_links":{"self":[{"href":"https:\/\/hpmedia.pro\/tintuc\/wp-json\/wp\/v2\/pages\/10","targetHints":{"allow":["GET"]}}],"collection":[{"href":"https:\/\/hpmedia.pro\/tintuc\/wp-json\/wp\/v2\/pages"}],"about":[{"href":"https:\/\/hpmedia.pro\/tintuc\/wp-json\/wp\/v2\/types\/page"}],"author":[{"embeddable":true,"href":"https:\/\/hpmedia.pro\/tintuc\/wp-json\/wp\/v2\/users\/1"}],"replies":[{"embeddable":true,"href":"https:\/\/hpmedia.pro\/tintuc\/wp-json\/wp\/v2\/comments?post=10"}],"version-history":[{"count":7,"href":"https:\/\/hpmedia.pro\/tintuc\/wp-json\/wp\/v2\/pages\/10\/revisions"}],"predecessor-version":[{"id":56,"href":"https:\/\/hpmedia.pro\/tintuc\/wp-json\/wp\/v2\/pages\/10\/revisions\/56"}],"wp:attachment":[{"href":"https:\/\/hpmedia.pro\/tintuc\/wp-json\/wp\/v2\/media?parent=10"}],"curies":[{"name":"wp","href":"https:\/\/api.w.org\/{rel}","templated":true}]}}